{"id":659,"date":"2024-10-09T17:32:37","date_gmt":"2024-10-09T15:32:37","guid":{"rendered":"http:\/\/accueillette.fr\/?page_id=659"},"modified":"2025-03-15T20:16:42","modified_gmt":"2025-03-15T19:16:42","slug":"reine-des-pres","status":"publish","type":"page","link":"https:\/\/accueillette.fr\/index.php\/reine-des-pres\/","title":{"rendered":"Reine des pr\u00e9s"},"content":{"rendered":"\t\t<div data-elementor-type=\"wp-page\" data-elementor-id=\"659\" class=\"elementor elementor-659\">\n\t\t\t\t<div class=\"elementor-element elementor-element-e71f96c e-flex e-con-boxed elementor-invisible e-con e-parent\" data-id=\"e71f96c\" data-element_type=\"container\" data-settings=\"{&quot;background_background&quot;:&quot;classic&quot;,&quot;animation&quot;:&quot;bounce&quot;}\">\n\t\t\t\t\t<div class=\"e-con-inner\">\n\t\t\t\t<div class=\"elementor-element elementor-element-612d235 elementor-widget elementor-widget-counter\" data-id=\"612d235\" data-element_type=\"widget\" data-widget_type=\"counter.default\">\n\t\t\t\t<div class=\"elementor-widget-container\">\n\t\t\t\t\t\t\t<div class=\"elementor-counter\">\n\t\t\t<div class=\"elementor-counter-title\">PERSONNES<\/div>\t\t\t<div class=\"elementor-counter-number-wrapper\">\n\t\t\t\t<span class=\"elementor-counter-number-prefix\"><\/span>\n\t\t\t\t<span class=\"elementor-counter-number\" data-duration=\"1000\" data-to-value=\"2\" data-from-value=\"0\" data-delimiter=\",\">0<\/span>\n\t\t\t\t<span class=\"elementor-counter-number-suffix\"><\/span>\n\t\t\t<\/div>\n\t\t<\/div>\n\t\t\t\t\t\t<\/div>\n\t\t\t\t<\/div>\n\t\t\t\t<div class=\"elementor-element elementor-element-6370465 elementor-align-center elementor-widget elementor-widget-button\" data-id=\"6370465\" data-element_type=\"widget\" data-widget_type=\"button.default\">\n\t\t\t\t<div class=\"elementor-widget-container\">\n\t\t\t\t\t\t\t\t\t<div class=\"elementor-button-wrapper\">\n\t\t\t\t\t<a class=\"elementor-button elementor-button-link elementor-size-sm elementor-animation-bounce-in\" href=\"https:\/\/www.airbnb.fr\/rooms\/34697102?adults=1&#038;category_tag=Tag%3A8678&#038;children=0&#038;enable_m3_private_room=true&#038;infants=0&#038;pets=0&#038;photo_id=754130381&#038;search_mode=regular_search&#038;check_in=2024-10-11&#038;check_out=2024-10-16&#038;source_impression_id=p3_1728483903_P3IN49xIbFLEyNPp&#038;previous_page_section_name=1000&#038;federated_search_id=861182d6-5e2f-4012-9f88-7968158c6185\" target=\"_blank\">\n\t\t\t\t\t\t<span class=\"elementor-button-content-wrapper\">\n\t\t\t\t\t\t\t\t\t<span class=\"elementor-button-text\">R\u00e9server<\/span>\n\t\t\t\t\t<\/span>\n\t\t\t\t\t<\/a>\n\t\t\t\t<\/div>\n\t\t\t\t\t\t\t\t<\/div>\n\t\t\t\t<\/div>\n\t\t\t\t\t<\/div>\n\t\t\t\t<\/div>\n\t\t\t\t<section class=\"elementor-section elementor-top-section elementor-element elementor-element-23d1b68 elementor-section-full_width elementor-section-height-default elementor-section-height-default\" data-id=\"23d1b68\" data-element_type=\"section\" data-settings=\"{&quot;background_background&quot;:&quot;classic&quot;}\">\n\t\t\t\t\t\t<div class=\"elementor-container elementor-column-gap-no\">\n\t\t\t\t\t<div class=\"elementor-column elementor-col-100 elementor-top-column elementor-element elementor-element-8157a17\" data-id=\"8157a17\" data-element_type=\"column\">\n\t\t\t<div class=\"elementor-widget-wrap elementor-element-populated\">\n\t\t\t\t\t\t<div class=\"elementor-element elementor-element-13c00b2 elementor-invisible elementor-widget elementor-widget-image\" data-id=\"13c00b2\" data-element_type=\"widget\" data-settings=\"{&quot;_animation&quot;:&quot;fadeIn&quot;}\" data-widget_type=\"image.default\">\n\t\t\t\t<div class=\"elementor-widget-container\">\n\t\t\t\t\t\t\t\t\t\t\t\t\t\t\t<img fetchpriority=\"high\" decoding=\"async\" width=\"740\" height=\"496\" src=\"https:\/\/accueillette.fr\/wp-content\/uploads\/2024\/10\/Capture-decran-2024-10-09-a-17.30.33-768x515.png\" class=\"attachment-medium_large size-medium_large wp-image-660\" alt=\"\" srcset=\"https:\/\/accueillette.fr\/wp-content\/uploads\/2024\/10\/Capture-decran-2024-10-09-a-17.30.33-768x515.png 768w, https:\/\/accueillette.fr\/wp-content\/uploads\/2024\/10\/Capture-decran-2024-10-09-a-17.30.33-300x201.png 300w, https:\/\/accueillette.fr\/wp-content\/uploads\/2024\/10\/Capture-decran-2024-10-09-a-17.30.33.png 988w\" sizes=\"100vw\" \/>\t\t\t\t\t\t\t\t\t\t\t\t\t\t\t<\/div>\n\t\t\t\t<\/div>\n\t\t\t\t<section class=\"elementor-section elementor-inner-section elementor-element elementor-element-cedc8d5 elementor-section-boxed elementor-section-height-default elementor-section-height-default elementor-invisible\" data-id=\"cedc8d5\" data-element_type=\"section\" data-settings=\"{&quot;animation&quot;:&quot;rotateInDownLeft&quot;}\">\n\t\t\t\t\t\t<div class=\"elementor-container elementor-column-gap-no\">\n\t\t\t\t\t<div class=\"elementor-column elementor-col-100 elementor-inner-column elementor-element elementor-element-e06a33f\" data-id=\"e06a33f\" data-element_type=\"column\">\n\t\t\t<div class=\"elementor-widget-wrap elementor-element-populated\">\n\t\t\t\t\t\t<div class=\"elementor-element elementor-element-f8a90c3 elementor-widget elementor-widget-heading\" data-id=\"f8a90c3\" data-element_type=\"widget\" data-widget_type=\"heading.default\">\n\t\t\t\t<div class=\"elementor-widget-container\">\n\t\t\t\t\t<h1 class=\"elementor-heading-title elementor-size-default\">REINE DES PRES<\/h1>\t\t\t\t<\/div>\n\t\t\t\t<\/div>\n\t\t\t\t<div class=\"elementor-element elementor-element-a2ded3b elementor-widget-divider--view-line elementor-widget elementor-widget-divider\" data-id=\"a2ded3b\" data-element_type=\"widget\" data-widget_type=\"divider.default\">\n\t\t\t\t<div class=\"elementor-widget-container\">\n\t\t\t\t\t\t\t<div class=\"elementor-divider\">\n\t\t\t<span class=\"elementor-divider-separator\">\n\t\t\t\t\t\t<\/span>\n\t\t<\/div>\n\t\t\t\t\t\t<\/div>\n\t\t\t\t<\/div>\n\t\t\t\t<div class=\"elementor-element elementor-element-2027769 elementor-widget elementor-widget-heading\" data-id=\"2027769\" data-element_type=\"widget\" data-widget_type=\"heading.default\">\n\t\t\t\t<div class=\"elementor-widget-container\">\n\t\t\t\t\t<h2 class=\"elementor-heading-title elementor-size-default\">\u00c9vadez-vous dans un cadre naturel, entre calme et s\u00e9r\u00e9nit\u00e9<\/h2>\t\t\t\t<\/div>\n\t\t\t\t<\/div>\n\t\t\t\t<div class=\"elementor-element elementor-element-047e459 elementor-widget elementor-widget-text-editor\" data-id=\"047e459\" data-element_type=\"widget\" data-widget_type=\"text-editor.default\">\n\t\t\t\t<div class=\"elementor-widget-container\">\n\t\t\t\t\t\t\t\t\t<p>Bienvenue dans notre chambre mansard\u00e9e, nich\u00e9e dans une ancienne ferme au c\u0153ur du pittoresque village de Renti\u00e8res. Dominant la vall\u00e9e, cette chambre plein sud vous offre une vue imprenable sur le jardin et la montagne de Mercoeur. Que vous soyez motard, randonneur ou tout simplement en qu\u00eate de tranquillit\u00e9, ce lieu est une v\u00e9ritable invitation \u00e0 la s\u00e9r\u00e9nit\u00e9.<\/p>\t\t\t\t\t\t\t\t<\/div>\n\t\t\t\t<\/div>\n\t\t\t\t<div class=\"elementor-element elementor-element-165bf1d elementor-arrows-position-inside elementor-pagination-position-outside elementor-widget elementor-widget-image-carousel\" data-id=\"165bf1d\" data-element_type=\"widget\" data-settings=\"{&quot;slides_to_show&quot;:&quot;1&quot;,&quot;navigation&quot;:&quot;both&quot;,&quot;autoplay&quot;:&quot;yes&quot;,&quot;pause_on_hover&quot;:&quot;yes&quot;,&quot;pause_on_interaction&quot;:&quot;yes&quot;,&quot;autoplay_speed&quot;:5000,&quot;infinite&quot;:&quot;yes&quot;,&quot;effect&quot;:&quot;slide&quot;,&quot;speed&quot;:500}\" data-widget_type=\"image-carousel.default\">\n\t\t\t\t<div class=\"elementor-widget-container\">\n\t\t\t\t\t\t\t<div class=\"elementor-image-carousel-wrapper swiper\" role=\"region\" aria-roledescription=\"carousel\" aria-label=\"Carrousel d\u2019images\" dir=\"ltr\">\n\t\t\t<div class=\"elementor-image-carousel swiper-wrapper\" aria-live=\"off\">\n\t\t\t\t\t\t\t\t<div class=\"swiper-slide\" role=\"group\" aria-roledescription=\"slide\" aria-label=\"1 of 4\"><figure class=\"swiper-slide-inner\"><img decoding=\"async\" class=\"swiper-slide-image\" src=\"https:\/\/accueillette.fr\/wp-content\/uploads\/2024\/10\/Capture-decran-2024-10-09-a-16.37.22.png\" alt=\"Capture d\u2019\u00e9cran 2024-10-09 \u00e0 16.37.22\" \/><\/figure><\/div><div class=\"swiper-slide\" role=\"group\" aria-roledescription=\"slide\" aria-label=\"2 of 4\"><figure class=\"swiper-slide-inner\"><img decoding=\"async\" class=\"swiper-slide-image\" src=\"https:\/\/accueillette.fr\/wp-content\/uploads\/2024\/10\/Capture-decran-2024-10-09-a-16.36.58.png\" alt=\"Capture d\u2019\u00e9cran 2024-10-09 \u00e0 16.36.58\" \/><\/figure><\/div><div class=\"swiper-slide\" role=\"group\" aria-roledescription=\"slide\" aria-label=\"3 of 4\"><figure class=\"swiper-slide-inner\"><img decoding=\"async\" class=\"swiper-slide-image\" src=\"https:\/\/accueillette.fr\/wp-content\/uploads\/2024\/10\/Capture-decran-2024-10-09-a-16.36.49.png\" alt=\"Capture d\u2019\u00e9cran 2024-10-09 \u00e0 16.36.49\" \/><\/figure><\/div><div class=\"swiper-slide\" role=\"group\" aria-roledescription=\"slide\" aria-label=\"4 of 4\"><figure class=\"swiper-slide-inner\"><img decoding=\"async\" class=\"swiper-slide-image\" src=\"https:\/\/accueillette.fr\/wp-content\/uploads\/2024\/10\/Capture-decran-2024-10-09-a-16.37.39.png\" alt=\"Capture d\u2019\u00e9cran 2024-10-09 \u00e0 16.37.39\" \/><\/figure><\/div>\t\t\t<\/div>\n\t\t\t\t\t\t\t\t\t\t\t\t<div class=\"elementor-swiper-button elementor-swiper-button-prev\" role=\"button\" tabindex=\"0\">\n\t\t\t\t\t\t<svg aria-hidden=\"true\" class=\"e-font-icon-svg e-eicon-chevron-left\" viewBox=\"0 0 1000 1000\" xmlns=\"http:\/\/www.w3.org\/2000\/svg\"><path d=\"M646 125C629 125 613 133 604 142L308 442C296 454 292 471 292 487 292 504 296 521 308 533L604 854C617 867 629 875 646 875 663 875 679 871 692 858 704 846 713 829 713 812 713 796 708 779 692 767L438 487 692 225C700 217 708 204 708 187 708 171 704 154 692 142 675 129 663 125 646 125Z\"><\/path><\/svg>\t\t\t\t\t<\/div>\n\t\t\t\t\t<div class=\"elementor-swiper-button elementor-swiper-button-next\" role=\"button\" tabindex=\"0\">\n\t\t\t\t\t\t<svg aria-hidden=\"true\" class=\"e-font-icon-svg e-eicon-chevron-right\" viewBox=\"0 0 1000 1000\" xmlns=\"http:\/\/www.w3.org\/2000\/svg\"><path d=\"M696 533C708 521 713 504 713 487 713 471 708 454 696 446L400 146C388 133 375 125 354 125 338 125 325 129 313 142 300 154 292 171 292 187 292 204 296 221 308 233L563 492 304 771C292 783 288 800 288 817 288 833 296 850 308 863 321 871 338 875 354 875 371 875 388 867 400 854L696 533Z\"><\/path><\/svg>\t\t\t\t\t<\/div>\n\t\t\t\t\n\t\t\t\t\t\t\t\t\t<div class=\"swiper-pagination\"><\/div>\n\t\t\t\t\t\t\t\t\t<\/div>\n\t\t\t\t\t\t<\/div>\n\t\t\t\t<\/div>\n\t\t\t\t\t<\/div>\n\t\t<\/div>\n\t\t\t\t\t<\/div>\n\t\t<\/section>\n\t\t\t\t\t<\/div>\n\t\t<\/div>\n\t\t\t\t\t<\/div>\n\t\t<\/section>\n\t\t\t\t<section class=\"elementor-section elementor-top-section elementor-element elementor-element-033e643 elementor-section-content-middle elementor-reverse-mobile elementor-section-boxed elementor-section-height-default elementor-section-height-default elementor-invisible\" data-id=\"033e643\" data-element_type=\"section\" data-settings=\"{&quot;background_background&quot;:&quot;classic&quot;,&quot;animation&quot;:&quot;rotateInDownRight&quot;}\">\n\t\t\t\t\t\t\t<div class=\"elementor-background-overlay\"><\/div>\n\t\t\t\t\t\t\t<div class=\"elementor-container elementor-column-gap-no\">\n\t\t\t\t\t<div class=\"elementor-column elementor-col-50 elementor-top-column elementor-element elementor-element-de36769\" data-id=\"de36769\" data-element_type=\"column\">\n\t\t\t<div class=\"elementor-widget-wrap elementor-element-populated\">\n\t\t\t\t\t\t<div class=\"elementor-element elementor-element-aa85fcf elementor-widget elementor-widget-image\" data-id=\"aa85fcf\" data-element_type=\"widget\" data-widget_type=\"image.default\">\n\t\t\t\t<div class=\"elementor-widget-container\">\n\t\t\t\t\t\t\t\t\t\t\t\t\t\t\t<img decoding=\"async\" width=\"740\" height=\"496\" src=\"https:\/\/accueillette.fr\/wp-content\/uploads\/2024\/10\/Capture-decran-2024-10-09-a-17.30.33.png\" class=\"attachment-large size-large wp-image-660\" alt=\"\" srcset=\"https:\/\/accueillette.fr\/wp-content\/uploads\/2024\/10\/Capture-decran-2024-10-09-a-17.30.33.png 988w, https:\/\/accueillette.fr\/wp-content\/uploads\/2024\/10\/Capture-decran-2024-10-09-a-17.30.33-300x201.png 300w, https:\/\/accueillette.fr\/wp-content\/uploads\/2024\/10\/Capture-decran-2024-10-09-a-17.30.33-768x515.png 768w\" sizes=\"100vw\" \/>\t\t\t\t\t\t\t\t\t\t\t\t\t\t\t<\/div>\n\t\t\t\t<\/div>\n\t\t\t\t\t<\/div>\n\t\t<\/div>\n\t\t\t\t<div class=\"elementor-column elementor-col-50 elementor-top-column elementor-element elementor-element-5aa5de6\" data-id=\"5aa5de6\" data-element_type=\"column\">\n\t\t\t<div class=\"elementor-widget-wrap elementor-element-populated\">\n\t\t\t\t\t\t<div class=\"elementor-element elementor-element-4799a21 elementor-widget elementor-widget-heading\" data-id=\"4799a21\" data-element_type=\"widget\" data-widget_type=\"heading.default\">\n\t\t\t\t<div class=\"elementor-widget-container\">\n\t\t\t\t\t<h2 class=\"elementor-heading-title elementor-size-default\">Chambre <\/h2>\t\t\t\t<\/div>\n\t\t\t\t<\/div>\n\t\t\t\t<div class=\"elementor-element elementor-element-6441344 elementor-widget-divider--view-line elementor-widget elementor-widget-divider\" data-id=\"6441344\" data-element_type=\"widget\" data-widget_type=\"divider.default\">\n\t\t\t\t<div class=\"elementor-widget-container\">\n\t\t\t\t\t\t\t<div class=\"elementor-divider\">\n\t\t\t<span class=\"elementor-divider-separator\">\n\t\t\t\t\t\t<\/span>\n\t\t<\/div>\n\t\t\t\t\t\t<\/div>\n\t\t\t\t<\/div>\n\t\t\t\t<div class=\"elementor-element elementor-element-90b1dea elementor-widget elementor-widget-text-editor\" data-id=\"90b1dea\" data-element_type=\"widget\" data-widget_type=\"text-editor.default\">\n\t\t\t\t<div class=\"elementor-widget-container\">\n\t\t\t\t\t\t\t\t\t<p>Au troisi\u00e8me \u00e9tage de cette maison chaleureuse, d\u00e9couvrez <strong>une chambre mansard\u00e9e<\/strong>, compos\u00e9e d&#8217;un <strong>lit double<\/strong>. <br \/>La vue sur la montagne de Mercoeur et le jardin est apaisante, parfaite pour des moments de repos apr\u00e8s une journ\u00e9e d&#8217;exploration.<\/p>\t\t\t\t\t\t\t\t<\/div>\n\t\t\t\t<\/div>\n\t\t\t\t\t<\/div>\n\t\t<\/div>\n\t\t\t\t\t<\/div>\n\t\t<\/section>\n\t\t\t\t<section class=\"elementor-section elementor-top-section elementor-element elementor-element-e88be07 elementor-section-content-middle elementor-reverse-mobile elementor-section-boxed elementor-section-height-default elementor-section-height-default elementor-invisible\" data-id=\"e88be07\" data-element_type=\"section\" data-settings=\"{&quot;background_background&quot;:&quot;classic&quot;,&quot;animation&quot;:&quot;rotateInDownLeft&quot;}\">\n\t\t\t\t\t\t\t<div class=\"elementor-background-overlay\"><\/div>\n\t\t\t\t\t\t\t<div class=\"elementor-container elementor-column-gap-no\">\n\t\t\t\t\t<div class=\"elementor-column elementor-col-50 elementor-top-column elementor-element elementor-element-d7ca876\" data-id=\"d7ca876\" data-element_type=\"column\">\n\t\t\t<div class=\"elementor-widget-wrap elementor-element-populated\">\n\t\t\t\t\t\t<div class=\"elementor-element elementor-element-32155df elementor-widget elementor-widget-heading\" data-id=\"32155df\" data-element_type=\"widget\" data-widget_type=\"heading.default\">\n\t\t\t\t<div class=\"elementor-widget-container\">\n\t\t\t\t\t<h2 class=\"elementor-heading-title elementor-size-default\">Une salle de bain priv\u00e9e<\/h2>\t\t\t\t<\/div>\n\t\t\t\t<\/div>\n\t\t\t\t<div class=\"elementor-element elementor-element-e0f27d0 elementor-widget-divider--view-line elementor-widget elementor-widget-divider\" data-id=\"e0f27d0\" data-element_type=\"widget\" data-widget_type=\"divider.default\">\n\t\t\t\t<div class=\"elementor-widget-container\">\n\t\t\t\t\t\t\t<div class=\"elementor-divider\">\n\t\t\t<span class=\"elementor-divider-separator\">\n\t\t\t\t\t\t<\/span>\n\t\t<\/div>\n\t\t\t\t\t\t<\/div>\n\t\t\t\t<\/div>\n\t\t\t\t<div class=\"elementor-element elementor-element-84f00a6 elementor-widget__width-initial elementor-widget elementor-widget-text-editor\" data-id=\"84f00a6\" data-element_type=\"widget\" data-widget_type=\"text-editor.default\">\n\t\t\t\t<div class=\"elementor-widget-container\">\n\t\t\t\t\t\t\t\t\t<p>&#8230;<\/p>\t\t\t\t\t\t\t\t<\/div>\n\t\t\t\t<\/div>\n\t\t\t\t\t<\/div>\n\t\t<\/div>\n\t\t\t\t<div class=\"elementor-column elementor-col-50 elementor-top-column elementor-element elementor-element-5034a52\" data-id=\"5034a52\" data-element_type=\"column\">\n\t\t\t<div class=\"elementor-widget-wrap elementor-element-populated\">\n\t\t\t\t\t\t\t<\/div>\n\t\t<\/div>\n\t\t\t\t\t<\/div>\n\t\t<\/section>\n\t\t\t\t<section class=\"elementor-section elementor-top-section elementor-element elementor-element-d3d4d98 elementor-section-content-middle elementor-section-boxed elementor-section-height-default elementor-section-height-default elementor-invisible\" data-id=\"d3d4d98\" data-element_type=\"section\" data-settings=\"{&quot;background_background&quot;:&quot;classic&quot;,&quot;animation&quot;:&quot;rotateInDownLeft&quot;}\">\n\t\t\t\t\t\t\t<div class=\"elementor-background-overlay\"><\/div>\n\t\t\t\t\t\t\t<div class=\"elementor-container elementor-column-gap-default\">\n\t\t\t\t\t<div class=\"elementor-column elementor-col-50 elementor-top-column elementor-element elementor-element-e7cc6ca\" data-id=\"e7cc6ca\" data-element_type=\"column\">\n\t\t\t<div class=\"elementor-widget-wrap elementor-element-populated\">\n\t\t\t\t\t\t<div class=\"elementor-element elementor-element-d3b8821 elementor-widget elementor-widget-image\" data-id=\"d3b8821\" data-element_type=\"widget\" data-widget_type=\"image.default\">\n\t\t\t\t<div class=\"elementor-widget-container\">\n\t\t\t\t\t\t\t\t\t\t\t\t\t\t\t<img decoding=\"async\" width=\"666\" height=\"1000\" src=\"https:\/\/accueillette.fr\/wp-content\/uploads\/2025\/03\/0011_Q1060816.jpg\" class=\"attachment-full size-full wp-image-1074\" alt=\"\" srcset=\"https:\/\/accueillette.fr\/wp-content\/uploads\/2025\/03\/0011_Q1060816.jpg 666w, https:\/\/accueillette.fr\/wp-content\/uploads\/2025\/03\/0011_Q1060816-200x300.jpg 200w\" sizes=\"100vw\" \/>\t\t\t\t\t\t\t\t\t\t\t\t\t\t\t<\/div>\n\t\t\t\t<\/div>\n\t\t\t\t\t<\/div>\n\t\t<\/div>\n\t\t\t\t<div class=\"elementor-column elementor-col-50 elementor-top-column elementor-element elementor-element-7b3ddb4\" data-id=\"7b3ddb4\" data-element_type=\"column\">\n\t\t\t<div class=\"elementor-widget-wrap elementor-element-populated\">\n\t\t\t\t\t\t<div class=\"elementor-element elementor-element-9286ed8 elementor-widget elementor-widget-heading\" data-id=\"9286ed8\" data-element_type=\"widget\" data-widget_type=\"heading.default\">\n\t\t\t\t<div class=\"elementor-widget-container\">\n\t\t\t\t\t<h2 class=\"elementor-heading-title elementor-size-default\">Cuisine partag\u00e9e <\/h2>\t\t\t\t<\/div>\n\t\t\t\t<\/div>\n\t\t\t\t<div class=\"elementor-element elementor-element-89faf65 elementor-widget-divider--view-line elementor-widget elementor-widget-divider\" data-id=\"89faf65\" data-element_type=\"widget\" data-widget_type=\"divider.default\">\n\t\t\t\t<div class=\"elementor-widget-container\">\n\t\t\t\t\t\t\t<div class=\"elementor-divider\">\n\t\t\t<span class=\"elementor-divider-separator\">\n\t\t\t\t\t\t<\/span>\n\t\t<\/div>\n\t\t\t\t\t\t<\/div>\n\t\t\t\t<\/div>\n\t\t\t\t<div class=\"elementor-element elementor-element-ab18a18 elementor-widget elementor-widget-text-editor\" data-id=\"ab18a18\" data-element_type=\"widget\" data-widget_type=\"text-editor.default\">\n\t\t\t\t<div class=\"elementor-widget-container\">\n\t\t\t\t\t\t\t\t\t<p data-start=\"72\" data-end=\"251\">Profitez d\u2019une cuisine commune, conviviale et enti\u00e8rement \u00e9quip\u00e9e pour pr\u00e9parer vos repas en toute simplicit\u00e9. <strong>(3\u20ac par repas)<\/strong> Vous y trouverez :<\/p><p data-start=\"253\" data-end=\"719\">\u2714\ufe0f <strong data-start=\"256\" data-end=\"285\">Plaques de cuisson &amp; four<\/strong> pour cuisiner tous vos plats pr\u00e9f\u00e9r\u00e9s<br data-start=\"323\" data-end=\"326\" \/>\u2714\ufe0f <strong data-start=\"329\" data-end=\"360\">R\u00e9frig\u00e9rateur &amp; cong\u00e9lateur<\/strong> pour conserver vos aliments<br data-start=\"388\" data-end=\"391\" data-is-only-node=\"\" \/>\u2714\ufe0f <strong data-start=\"394\" data-end=\"409\">Micro-ondes<\/strong> pour r\u00e9chauffer rapidement vos repas<br data-start=\"446\" data-end=\"449\" \/>\u2714\ufe0f <strong data-start=\"452\" data-end=\"483\">Bouilloire &amp; cafeti\u00e8re <\/strong>pour un bon caf\u00e9 ou th\u00e9 \u00e0 tout moment<br data-start=\"521\" data-end=\"524\" \/>\u2714\ufe0f <strong data-start=\"527\" data-end=\"565\">Vaisselle, casseroles &amp; ustensiles<\/strong> pour cuisiner sans contrainte<br data-start=\"595\" data-end=\"598\" \/>\u2714\ufe0f <strong data-start=\"601\" data-end=\"619\">Lave-vaisselle<\/strong> pour un nettoyage facile<br data-start=\"644\" data-end=\"647\" \/>\u2714\ufe0f <strong data-start=\"650\" data-end=\"670\">Table et chaises<\/strong> pour partager vos repas dans un cadre agr\u00e9able<\/p><p data-start=\"721\" data-end=\"873\">La cuisine est nettoy\u00e9e r\u00e9guli\u00e8rement pour garantir un espace propre et accueillant. \u00c0 votre disposition pour un s\u00e9jour pratique et confortable !<\/p>\t\t\t\t\t\t\t\t<\/div>\n\t\t\t\t<\/div>\n\t\t\t\t\t<\/div>\n\t\t<\/div>\n\t\t\t\t\t<\/div>\n\t\t<\/section>\n\t\t<div class=\"elementor-element elementor-element-cc12dc5 e-flex e-con-boxed e-con e-parent\" data-id=\"cc12dc5\" data-element_type=\"container\" data-settings=\"{&quot;background_background&quot;:&quot;classic&quot;}\">\n\t\t\t\t\t<div class=\"e-con-inner\">\n\t\t\t\t<div class=\"elementor-element elementor-element-33b672f elementor-align-center elementor-widget elementor-widget-button\" data-id=\"33b672f\" data-element_type=\"widget\" data-widget_type=\"button.default\">\n\t\t\t\t<div class=\"elementor-widget-container\">\n\t\t\t\t\t\t\t\t\t<div class=\"elementor-button-wrapper\">\n\t\t\t\t\t<a class=\"elementor-button elementor-button-link elementor-size-sm elementor-animation-bounce-in\" href=\"https:\/\/www.airbnb.fr\/rooms\/34697102?adults=1&#038;category_tag=Tag%3A8678&#038;children=0&#038;enable_m3_private_room=true&#038;infants=0&#038;pets=0&#038;photo_id=754130381&#038;search_mode=regular_search&#038;check_in=2024-10-11&#038;check_out=2024-10-16&#038;source_impression_id=p3_1728483903_P3IN49xIbFLEyNPp&#038;previous_page_section_name=1000&#038;federated_search_id=861182d6-5e2f-4012-9f88-7968158c6185\" target=\"_blank\">\n\t\t\t\t\t\t<span class=\"elementor-button-content-wrapper\">\n\t\t\t\t\t\t\t\t\t<span class=\"elementor-button-text\">R\u00e9server<\/span>\n\t\t\t\t\t<\/span>\n\t\t\t\t\t<\/a>\n\t\t\t\t<\/div>\n\t\t\t\t\t\t\t\t<\/div>\n\t\t\t\t<\/div>\n\t\t\t\t\t<\/div>\n\t\t\t\t<\/div>\n\t\t\t\t<\/div>\n\t\t","protected":false},"excerpt":{"rendered":"<p>PERSONNES 0 R\u00e9server REINE DES PRES \u00c9vadez-vous dans un cadre naturel, entre calme et s\u00e9r\u00e9nit\u00e9 Bienvenue dans notre chambre mansard\u00e9e, nich\u00e9e dans une ancienne ferme au c\u0153ur du pittoresque village de Renti\u00e8res. Dominant la vall\u00e9e, cette chambre plein sud vous offre une vue imprenable sur le jardin et la montagne de Mercoeur. Que vous soyez &hellip; <\/p>\n<p class=\"link-more\"><a href=\"https:\/\/accueillette.fr\/index.php\/reine-des-pres\/\" class=\"more-link\">Continue reading<span class=\"screen-reader-text\"> &#8220;Reine des pr\u00e9s&#8221;<\/span><\/a><\/p>\n","protected":false},"author":1,"featured_media":0,"parent":0,"menu_order":0,"comment_status":"closed","ping_status":"closed","template":"","meta":{"footnotes":""},"class_list":["post-659","page","type-page","status-publish","hentry"],"_links":{"self":[{"href":"https:\/\/accueillette.fr\/index.php\/wp-json\/wp\/v2\/pages\/659","targetHints":{"allow":["GET"]}}],"collection":[{"href":"https:\/\/accueillette.fr\/index.php\/wp-json\/wp\/v2\/pages"}],"about":[{"href":"https:\/\/accueillette.fr\/index.php\/wp-json\/wp\/v2\/types\/page"}],"author":[{"embeddable":true,"href":"https:\/\/accueillette.fr\/index.php\/wp-json\/wp\/v2\/users\/1"}],"replies":[{"embeddable":true,"href":"https:\/\/accueillette.fr\/index.php\/wp-json\/wp\/v2\/comments?post=659"}],"version-history":[{"count":30,"href":"https:\/\/accueillette.fr\/index.php\/wp-json\/wp\/v2\/pages\/659\/revisions"}],"predecessor-version":[{"id":1086,"href":"https:\/\/accueillette.fr\/index.php\/wp-json\/wp\/v2\/pages\/659\/revisions\/1086"}],"wp:attachment":[{"href":"https:\/\/accueillette.fr\/index.php\/wp-json\/wp\/v2\/media?parent=659"}],"curies":[{"name":"wp","href":"https:\/\/api.w.org\/{rel}","templated":true}]}}